{"id":234,"date":"2025-12-20T10:05:44","date_gmt":"2025-12-20T10:05:44","guid":{"rendered":"https:\/\/pretocnost.si\/?page_id=234"},"modified":"2026-02-20T23:22:08","modified_gmt":"2026-02-20T23:22:08","slug":"o-meni-2","status":"publish","type":"page","link":"https:\/\/pretocnost.si\/index.php\/o-meni-2\/","title":{"rendered":"O meni"},"content":{"rendered":"\n<p>Sem Tina in moje glavno podro\u010dje delovanja v \u017eivljenju je ustvarjanje. To vklju\u010duje pisanje pesmi, urejanje doma, vrtnarjenje, razli\u010dnih izdelkov &#8230; Moje glavno vodilo je, da \u010dutim smisel samega izdelka oziroma cilja, ki si ga zadam. Zato tudi ustvarjanje ni zastavljeno samo na eno dejavnost, ampak se prepleta.<\/p>\n\n\n\n<p>Celo otro\u0161tvo sem se spro\u0161\u010dala s pisanjem raznoraznih besedil, v srednji \u0161oli pa sem postala &#8220;piflarka&#8221; in kot glavno vrednoto izbrala u\u010denje oziroma ocene. Seveda pusti \u010dasu \u010das, in temelji so se za\u010deli ru\u0161iti. Identiteto sem gradila na neustreznih vrednotah, in prej ali slej pride izgorelost.<\/p>\n\n\n\n<p>Takrat se mi je zgodilo. Kot bi me nekdo s &#8220;ponvijo po glavi&#8221;. Zbudila sem se. Prvi\u010d sem za\u010dela razmi\u0161ljati druga\u010de. O, kje pa sem, kaj se dogaja, zakaj se to piflam?? In ja dogodek fizi\u010dno sicer ni spremenil ni\u010desar, ampak v meni se je prebudilo neko notranje sr\u010dno polje, zavedanje, spra\u0161evanje o sebi. <\/p>\n\n\n\n<p>Sledila je huda izmu\u010denost, moja zadnja fraza je bila &#8220;imam skurjene mo\u017egane&#8221;. Potem pa se je prebudila bole\u010dina. Bole\u010dina v prsnem ko\u0161u. Dolga leta bila moja \u0161ibka to\u010dna, \u017eelela sem se je znebiti, spra\u0161evala zdravnike. Takrat sem se za\u010dela poglabljati v energijo, \u010dakre, duhovnost, meridiane, anatomijo telesa, meditacijo. Pusti \u010dasu \u010das in ja, preko dolgih let sem ugotovila, da je bole\u010dina moj kompas, moj detektor, kje se moje meje ru\u0161ijo, zaveznica.<\/p>\n\n\n\n<p>Za\u010dela sem preu\u010devati sebe skozi fizi\u010dne vaje in skozi preu\u010devanje misli, svojih prepri\u010danj. S\u010dasoma sem za\u010dela dojemati, da so tudi misli na\u0161 zaveznik. Ampak ker imamo v sebi neustrezna prepri\u010danja zaradi notranjih globokih ran, ki ponavadi izhajajo vse od na\u0161ega rojstva, so misli malo &#8220;u\u0161le&#8221; izpod nadzora. In svet dojemamo v veliki meri skozi o\u010di preteklosti, o\u010di ran, ki jih nismo predelali, &#8220;sicirali&#8221;. \u010cas je, da se sre\u010damo z njimi. Korak za korakom, ob\u010dutek za ob\u010dutkom, vpra\u0161anje za vpra\u0161anjem in pri\u0161li bomo do &#8220;Aaha&#8221;. Takrat za\u010dnemo osvobajat sebe in posledi\u010dno druge.<\/p>\n\n\n\n<p>Sedaj pa, gremo ustvarjat \ud83d\ude42<\/p>\n\n\n\n<p>Pa lep dan,<\/p>\n\n\n\n<p>Tina<\/p>\n\n\n\n<p><\/p>\n","protected":false},"excerpt":{"rendered":"<p>Sem Tina in moje glavno podro\u010dje delovanja v \u017eivljenju je ustvarjanje. To vklju\u010duje pisanje pesmi, urejanje doma, vrtnarjenje, razli\u010dnih izdelkov &#8230; Moje glavno vodilo je, da \u010dutim smisel samega izdelka oziroma cilja, ki si ga zadam. Zato tudi ustvarjanje ni zastavljeno samo na eno dejavnost, ampak se prepleta. Celo otro\u0161tvo sem se spro\u0161\u010dala s pisanjem [&hellip;]<\/p>\n","protected":false},"author":1,"featured_media":0,"parent":0,"menu_order":0,"comment_status":"closed","ping_status":"closed","template":"","meta":{"footnotes":""},"class_list":["post-234","page","type-page","status-publish","hentry"],"jetpack_sharing_enabled":true,"_links":{"self":[{"href":"https:\/\/pretocnost.si\/index.php\/wp-json\/wp\/v2\/pages\/234","targetHints":{"allow":["GET"]}}],"collection":[{"href":"https:\/\/pretocnost.si\/index.php\/wp-json\/wp\/v2\/pages"}],"about":[{"href":"https:\/\/pretocnost.si\/index.php\/wp-json\/wp\/v2\/types\/page"}],"author":[{"embeddable":true,"href":"https:\/\/pretocnost.si\/index.php\/wp-json\/wp\/v2\/users\/1"}],"replies":[{"embeddable":true,"href":"https:\/\/pretocnost.si\/index.php\/wp-json\/wp\/v2\/comments?post=234"}],"version-history":[{"count":13,"href":"https:\/\/pretocnost.si\/index.php\/wp-json\/wp\/v2\/pages\/234\/revisions"}],"predecessor-version":[{"id":370,"href":"https:\/\/pretocnost.si\/index.php\/wp-json\/wp\/v2\/pages\/234\/revisions\/370"}],"wp:attachment":[{"href":"https:\/\/pretocnost.si\/index.php\/wp-json\/wp\/v2\/media?parent=234"}],"curies":[{"name":"wp","href":"https:\/\/api.w.org\/{rel}","templated":true}]}}