{"id":273,"date":"2026-02-18T22:25:13","date_gmt":"2026-02-18T22:25:13","guid":{"rendered":"https:\/\/pretocnost.si\/index.php\/trgovina-2\/"},"modified":"2026-04-07T18:01:43","modified_gmt":"2026-04-07T18:01:43","slug":"trgovina-2","status":"publish","type":"page","link":"https:\/\/pretocnost.si\/index.php\/trgovina-2\/","title":{"rendered":"Trgovina"},"content":{"rendered":"\n<div class=\"wp-block-group has-mono-1-background-color has-background is-layout-flow wp-container-core-group-is-layout-ce397403 wp-block-group-is-layout-flow\" style=\"margin-top:0;margin-bottom:0;padding-top:0;padding-right:0;padding-bottom:0;padding-left:0\">\n<div class=\"wp-block-cover is-light\" style=\"padding-top:var(--wp--preset--spacing--superbspacing-xlarge);padding-right:0;padding-bottom:var(--wp--preset--spacing--superbspacing-xlarge);padding-left:0;min-height:389px;aspect-ratio:unset;\"><img loading=\"lazy\" decoding=\"async\" width=\"1024\" height=\"683\" class=\"wp-block-cover__image-background wp-image-416 size-large\" alt=\"\" src=\"https:\/\/pretocnost.si\/wp-content\/uploads\/2026\/03\/minimal-scandinavian-breakfast-nook-style-1-1024x683.jpg\" data-object-fit=\"cover\" srcset=\"https:\/\/pretocnost.si\/wp-content\/uploads\/2026\/03\/minimal-scandinavian-breakfast-nook-style-1-1024x683.jpg 1024w, https:\/\/pretocnost.si\/wp-content\/uploads\/2026\/03\/minimal-scandinavian-breakfast-nook-style-1-300x200.jpg 300w, https:\/\/pretocnost.si\/wp-content\/uploads\/2026\/03\/minimal-scandinavian-breakfast-nook-style-1-150x100.jpg 150w, https:\/\/pretocnost.si\/wp-content\/uploads\/2026\/03\/minimal-scandinavian-breakfast-nook-style-1-768x512.jpg 768w, https:\/\/pretocnost.si\/wp-content\/uploads\/2026\/03\/minimal-scandinavian-breakfast-nook-style-1-1536x1024.jpg 1536w, https:\/\/pretocnost.si\/wp-content\/uploads\/2026\/03\/minimal-scandinavian-breakfast-nook-style-1-2048x1365.jpg 2048w\" sizes=\"auto, (max-width: 1024px) 100vw, 1024px\" \/><span aria-hidden=\"true\" class=\"wp-block-cover__background has-background-dim-40 has-background-dim\" style=\"background-color:#e2e1dc\"><\/span><div class=\"wp-block-cover__inner-container has-global-padding is-layout-constrained wp-container-core-cover-is-layout-dafd2fe4 wp-block-cover-is-layout-constrained\">\n<p class=\"has-text-align-left has-superbfont-xlarge-font-size\">                                                                                   <strong>                       Dobrodo\u0161li v trgovinici!<\/strong><\/p>\n\n\n\n<div class=\"wp-block-group has-global-padding is-layout-constrained wp-container-core-group-is-layout-27ec71c5 wp-block-group-is-layout-constrained\" style=\"padding-top:0;padding-right:var(--wp--preset--spacing--superbspacing-small);padding-bottom:0;padding-left:var(--wp--preset--spacing--superbspacing-small)\">\n<div class=\"wp-block-group has-global-padding is-content-justification-center is-layout-constrained wp-container-core-group-is-layout-32b5ec3b wp-block-group-is-layout-constrained\" style=\"margin-top:0;margin-bottom:0\">\n<p class=\"has-text-align-center has-text-color has-superbfont-small-font-size\" style=\"color:#fdfdfd;margin-bottom:var(--wp--preset--spacing--superbspacing-small)\"><\/p>\n\n\n\n<div class=\"wp-block-buttons is-content-justification-center is-layout-flex wp-container-core-buttons-is-layout-a89b3969 wp-block-buttons-is-layout-flex\">\n\n<\/div>\n<\/div>\n<\/div>\n<\/div><\/div>\n<\/div>\n\n\n\n<div class=\"wp-block-group alignfull has-mono-4-background-color has-background has-global-padding is-layout-constrained wp-container-core-group-is-layout-129f6e7c wp-block-group-is-layout-constrained\" style=\"margin-top:0;margin-bottom:0;padding-top:var(--wp--preset--spacing--superbspacing-large);padding-right:var(--wp--preset--spacing--superbspacing-small);padding-bottom:var(--wp--preset--spacing--superbspacing-large);padding-left:var(--wp--preset--spacing--superbspacing-small)\">\n<div class=\"wp-block-columns alignwide is-layout-flex wp-container-core-columns-is-layout-25593187 wp-block-columns-is-layout-flex\">\n<div class=\"wp-block-column is-vertically-aligned-center is-layout-flow wp-container-core-column-is-layout-a1628350 wp-block-column-is-layout-flow\" style=\"padding-top:0;padding-right:0;padding-bottom:0;padding-left:0\">\n<div class=\"wp-block-group is-layout-flow wp-container-core-group-is-layout-ff697075 wp-block-group-is-layout-flow\">\n<h3 class=\"wp-block-heading has-text-align-left has-superbfont-xlarge-font-size\" style=\"line-height:1.2\">Novo: \u0160epet moje du\u0161e<\/h3>\n\n\n\n<p class=\"has-mono-2-color has-text-color has-link-color wp-elements-5bcccf5cf1653d8fbf1f72c9d87f8e38\">Konec leta 2025 je bila prvi\u010d natisnjena knjiga \u0160epet moje du\u0161e. Pesni\u0161ka zbirka je moj prvenec, v katerem  svoje \u017eivljenjske izku\u0161nje preobra\u017eam v modrost.<\/p>\n<\/div>\n\n\n\n<div class=\"wp-block-buttons is-layout-flex wp-container-core-buttons-is-layout-69f3c5ca wp-block-buttons-is-layout-flex\">\n\n\n<div class=\"wp-block-button\"><a class=\"wp-block-button__link has-superbfont-small-font-size has-custom-font-size wp-element-button\" style=\"padding-top:var(--wp--preset--spacing--superbspacing-xsmall);padding-right:var(--wp--preset--spacing--superbspacing-xsmall);padding-bottom:var(--wp--preset--spacing--superbspacing-xsmall);padding-left:var(--wp--preset--spacing--superbspacing-xsmall)\">Naro\u010dila na info@pretocnost.si<\/a><\/div>\n<\/div>\n<\/div>\n\n\n\n<div class=\"wp-block-column is-vertically-aligned-center is-layout-flow wp-container-core-column-is-layout-40a2a7e8 wp-block-column-is-layout-flow\" style=\"padding-right:0;padding-bottom:0;padding-left:0\">\n<figure class=\"wp-block-image size-large has-custom-border\"><img loading=\"lazy\" decoding=\"async\" width=\"769\" height=\"1024\" src=\"https:\/\/pretocnost.si\/wp-content\/uploads\/2026\/03\/scena-Sepet-moje-duse-jpg-769x1024.jpg\" alt=\"\" class=\"wp-image-403\" style=\"border-radius:0px\" srcset=\"https:\/\/pretocnost.si\/wp-content\/uploads\/2026\/03\/scena-Sepet-moje-duse-jpg-769x1024.jpg 769w, https:\/\/pretocnost.si\/wp-content\/uploads\/2026\/03\/scena-Sepet-moje-duse-jpg-225x300.jpg 225w, https:\/\/pretocnost.si\/wp-content\/uploads\/2026\/03\/scena-Sepet-moje-duse-jpg-113x150.jpg 113w, https:\/\/pretocnost.si\/wp-content\/uploads\/2026\/03\/scena-Sepet-moje-duse-jpg-768x1023.jpg 768w, https:\/\/pretocnost.si\/wp-content\/uploads\/2026\/03\/scena-Sepet-moje-duse-jpg-1153x1536.jpg 1153w, https:\/\/pretocnost.si\/wp-content\/uploads\/2026\/03\/scena-Sepet-moje-duse-jpg.jpg 1537w\" sizes=\"auto, (max-width: 769px) 100vw, 769px\" \/><\/figure>\n<\/div>\n<\/div>\n<\/div>\n\n\n\n<div class=\"wp-block-group alignfull has-global-padding is-layout-constrained wp-container-core-group-is-layout-8bbd0b3b wp-block-group-is-layout-constrained\" style=\"margin-top:0;margin-bottom:0;padding-top:var(--wp--preset--spacing--superbspacing-large);padding-right:var(--wp--preset--spacing--superbspacing-small);padding-bottom:var(--wp--preset--spacing--superbspacing-large);padding-left:var(--wp--preset--spacing--superbspacing-small)\">\n<div class=\"wp-block-group alignwide has-global-padding is-layout-constrained wp-container-core-group-is-layout-44bcd671 wp-block-group-is-layout-constrained\" style=\"padding-top:var(--wp--preset--spacing--superbspacing-xsmall);padding-bottom:var(--wp--preset--spacing--superbspacing-xsmall)\">\n<figure class=\"wp-block-image size-large is-resized\"><img loading=\"lazy\" decoding=\"async\" width=\"769\" height=\"1024\" src=\"https:\/\/pretocnost.si\/wp-content\/uploads\/2026\/03\/jpg-769x1024.jpg\" alt=\"\" class=\"wp-image-408\" style=\"aspect-ratio:0.7504898371167891;width:380px;height:auto\" srcset=\"https:\/\/pretocnost.si\/wp-content\/uploads\/2026\/03\/jpg-769x1024.jpg 769w, https:\/\/pretocnost.si\/wp-content\/uploads\/2026\/03\/jpg-225x300.jpg 225w, https:\/\/pretocnost.si\/wp-content\/uploads\/2026\/03\/jpg-113x150.jpg 113w, https:\/\/pretocnost.si\/wp-content\/uploads\/2026\/03\/jpg-768x1023.jpg 768w, https:\/\/pretocnost.si\/wp-content\/uploads\/2026\/03\/jpg-1153x1536.jpg 1153w, https:\/\/pretocnost.si\/wp-content\/uploads\/2026\/03\/jpg.jpg 1537w\" sizes=\"auto, (max-width: 769px) 100vw, 769px\" \/><\/figure>\n\n\n\n<p class=\"has-featured-color has-text-color has-link-color has-superbfont-small-font-size wp-elements-730fa0798dcdb8edb6949b12fe7f3816\">QS<\/p>\n\n\n\n<h2 class=\"wp-block-heading has-text-align-left has-superbfont-xlarge-font-size\" style=\"line-height:1.2\">O avtorici in knjigi<\/h2>\n<\/div>\n\n\n\n<div class=\"wp-block-columns alignwide is-layout-flex wp-container-core-columns-is-layout-25593187 wp-block-columns-is-layout-flex\">\n<div class=\"wp-block-column is-vertically-aligned-center is-layout-flow wp-container-core-column-is-layout-a1628350 wp-block-column-is-layout-flow\" style=\"padding-top:0;padding-right:0;padding-bottom:0;padding-left:0\">\n<div class=\"wp-block-group is-layout-flow wp-container-core-group-is-layout-ff697075 wp-block-group-is-layout-flow\">\n<p><strong><em>Tina Vitez<\/em><\/strong> je avtorica, ki skozi poezijo raziskuje globine \u017eivljenja in \u010dlove\u0161ke du\u0161e. Verjame v <em><strong>mo\u010d besed<\/strong><\/em>, hkrati pa odpira vpra\u0161anja, kdo smo onkraj misli, ki nas obdajajo. Pesni\u0161ka zbirka je njen <em>prvenec<\/em>, v katerem \u017eivljenjske izku\u0161nje preobrazi v modrost.<br><br>\u017delela si je napisati pesmi, ki <em><strong>osvobajajo<\/strong><\/em>. Kot pravi v eni izmed ustvarjenih: z besedami kreiramo svet. Torej je res pomembno, kak\u0161en jezik \u017eivljenja uporabljamo. Vodilo njenih pesmi je vra\u010danje v sedanji trenutek, opu\u0161\u010danje zgodb, ki smo si jih ustvarili o sebi, svojem \u017eivljenju. Spet za\u010dutiti svoje telo, radost in se vrniti k <em><strong>osvobojenemu dihu<\/strong><\/em>.<br><\/p>\n<\/div>\n<\/div>\n\n\n\n<div class=\"wp-block-column is-vertically-aligned-top is-layout-flow wp-container-core-column-is-layout-40a2a7e8 wp-block-column-is-layout-flow\" style=\"padding-right:0;padding-bottom:0;padding-left:0\">\n<p>Ob branju pesmi se bomo za trenutek <strong><em>ustavili<\/em><\/strong> in se povezali s svojim utripom \u017eivljenja. Verzi nas vabijo k vrnitvi v sedanji trenutek ter k ponovnemu <em><strong>ob\u010dutenju<\/strong><\/em> telesa, radosti in svobodnega diha.<br><br><\/p>\n<\/div>\n<\/div>\n<\/div>\n\n\n\n<div class=\"wp-block-group alignfull has-global-padding is-layout-constrained wp-container-core-group-is-layout-4aa643fe wp-block-group-is-layout-constrained\" style=\"margin-top:0;margin-bottom:0;padding-top:var(--wp--preset--spacing--superbspacing-large);padding-right:var(--wp--preset--spacing--superbspacing-small);padding-bottom:var(--wp--preset--spacing--superbspacing-large);padding-left:var(--wp--preset--spacing--superbspacing-small)\">\n<figure class=\"wp-block-gallery has-nested-images columns-default is-cropped wp-block-gallery-3 is-layout-flex wp-block-gallery-is-layout-flex\">\n<figure class=\"wp-block-image size-large is-resized\"><img loading=\"lazy\" decoding=\"async\" width=\"1024\" height=\"731\" data-id=\"446\" src=\"https:\/\/pretocnost.si\/wp-content\/uploads\/2026\/04\/vracam-se-1024x731.png\" alt=\"\" class=\"wp-image-446\" style=\"width:656px;height:auto\" srcset=\"https:\/\/pretocnost.si\/wp-content\/uploads\/2026\/04\/vracam-se-1024x731.png 1024w, https:\/\/pretocnost.si\/wp-content\/uploads\/2026\/04\/vracam-se-300x214.png 300w, https:\/\/pretocnost.si\/wp-content\/uploads\/2026\/04\/vracam-se-150x107.png 150w, https:\/\/pretocnost.si\/wp-content\/uploads\/2026\/04\/vracam-se-768x548.png 768w, https:\/\/pretocnost.si\/wp-content\/uploads\/2026\/04\/vracam-se.png 1213w\" sizes=\"auto, (max-width: 1024px) 100vw, 1024px\" \/><\/figure>\n\n\n\n<figure class=\"wp-block-image size-large is-resized\"><img loading=\"lazy\" decoding=\"async\" width=\"1024\" height=\"735\" data-id=\"411\" src=\"https:\/\/pretocnost.si\/wp-content\/uploads\/2026\/03\/Predogled-knjige-1-1024x735.jpg\" alt=\"\" class=\"wp-image-411\" style=\"width:658px;height:auto\" srcset=\"https:\/\/pretocnost.si\/wp-content\/uploads\/2026\/03\/Predogled-knjige-1-1024x735.jpg 1024w, https:\/\/pretocnost.si\/wp-content\/uploads\/2026\/03\/Predogled-knjige-1-300x215.jpg 300w, https:\/\/pretocnost.si\/wp-content\/uploads\/2026\/03\/Predogled-knjige-1-150x108.jpg 150w, https:\/\/pretocnost.si\/wp-content\/uploads\/2026\/03\/Predogled-knjige-1-768x551.jpg 768w, https:\/\/pretocnost.si\/wp-content\/uploads\/2026\/03\/Predogled-knjige-1.jpg 1215w\" sizes=\"auto, (max-width: 1024px) 100vw, 1024px\" \/><\/figure>\n<\/figure>\n<\/div>\n\n\n\n<p><\/p>\n","protected":false},"excerpt":{"rendered":"<p>Novo: \u0160epet moje du\u0161e Konec leta 2025 je bila prvi\u010d natisnjena knjiga \u0160epet moje du\u0161e. Pesni\u0161ka zbirka je moj prvenec, v katerem svoje \u017eivljenjske izku\u0161nje preobra\u017eam v modrost. QS O avtorici in knjigi Tina Vitez je avtorica, ki skozi poezijo raziskuje globine \u017eivljenja in \u010dlove\u0161ke du\u0161e. Verjame v mo\u010d besed, hkrati pa odpira vpra\u0161anja, kdo [&hellip;]<\/p>\n","protected":false},"author":1,"featured_media":0,"parent":0,"menu_order":0,"comment_status":"closed","ping_status":"closed","template":"superbaddons-page-template","meta":{"footnotes":""},"class_list":["post-273","page","type-page","status-publish","hentry"],"jetpack_sharing_enabled":true,"_links":{"self":[{"href":"https:\/\/pretocnost.si\/index.php\/wp-json\/wp\/v2\/pages\/273","targetHints":{"allow":["GET"]}}],"collection":[{"href":"https:\/\/pretocnost.si\/index.php\/wp-json\/wp\/v2\/pages"}],"about":[{"href":"https:\/\/pretocnost.si\/index.php\/wp-json\/wp\/v2\/types\/page"}],"author":[{"embeddable":true,"href":"https:\/\/pretocnost.si\/index.php\/wp-json\/wp\/v2\/users\/1"}],"replies":[{"embeddable":true,"href":"https:\/\/pretocnost.si\/index.php\/wp-json\/wp\/v2\/comments?post=273"}],"version-history":[{"count":9,"href":"https:\/\/pretocnost.si\/index.php\/wp-json\/wp\/v2\/pages\/273\/revisions"}],"predecessor-version":[{"id":447,"href":"https:\/\/pretocnost.si\/index.php\/wp-json\/wp\/v2\/pages\/273\/revisions\/447"}],"wp:attachment":[{"href":"https:\/\/pretocnost.si\/index.php\/wp-json\/wp\/v2\/media?parent=273"}],"curies":[{"name":"wp","href":"https:\/\/api.w.org\/{rel}","templated":true}]}}